{"id":669,"date":"2023-01-18T12:44:42","date_gmt":"2023-01-18T11:44:42","guid":{"rendered":"https:\/\/holiday-tuscany.com\/?page_id=669"},"modified":"2023-02-15T23:29:01","modified_gmt":"2023-02-15T22:29:01","slug":"toscana","status":"publish","type":"page","link":"https:\/\/www.holiday-tuscany.com\/it\/toscana\/","title":{"rendered":"Toscana"},"content":{"rendered":"\n<p>La Toscana \u00e8 il luogo dove i sogni diventano realt\u00e0! Con le sue dolci colline e la sua splendida campagna, \u00e8 una regione situata nell&#8217;Italia centrale che vi far\u00e0 battere il cuore. \u00c8 famosa per i suoi panorami mozzafiato, i suoi vini rinomati e il suo ricco patrimonio artistico e culturale. Citt\u00e0 bellissime come Firenze, Siena e Pisa vi aspettano per mostrarvi il loro fascino. E se volete scoprire ancora di pi\u00f9, ci sono molte opportunit\u00e0 per attivit\u00e0 all&#8217;aria aperta come l&#8217;escursionismo, il ciclismo e la degustazione di vini. Insomma, la Toscana \u00e8 una destinazione unica e imperdibile per tutti i viaggiatori! Le case vacanza di questa pagina si trovano quasi tutte nella regione di Pisa, in Toscana. Come tali, sono punti di partenza ideali per scoprire i punti salienti di questa bellissima e famosa parte del mondo.<\/p>\n","protected":false},"excerpt":{"rendered":"<p>La Toscana \u00e8 il luogo dove i sogni diventano realt\u00e0! Con le sue dolci colline e la sua splendida campagna, \u00e8 una regione situata nell&#8217;Italia centrale che vi far\u00e0 battere il cuore. \u00c8 famosa per i suoi panorami mozzafiato, i suoi vini rinomati e il suo ricco patrimonio artistico e culturale. Citt\u00e0 bellissime come Firenze, [&hellip;]<\/p>\n","protected":false},"author":1,"featured_media":0,"parent":0,"menu_order":7,"comment_status":"closed","ping_status":"closed","template":"page-17.php","meta":{"footnotes":""},"acf":[],"_links":{"self":[{"href":"https:\/\/www.holiday-tuscany.com\/it\/wp-json\/wp\/v2\/pages\/669"}],"collection":[{"href":"https:\/\/www.holiday-tuscany.com\/it\/wp-json\/wp\/v2\/pages"}],"about":[{"href":"https:\/\/www.holiday-tuscany.com\/it\/wp-json\/wp\/v2\/types\/page"}],"author":[{"embeddable":true,"href":"https:\/\/www.holiday-tuscany.com\/it\/wp-json\/wp\/v2\/users\/1"}],"replies":[{"embeddable":true,"href":"https:\/\/www.holiday-tuscany.com\/it\/wp-json\/wp\/v2\/comments?post=669"}],"version-history":[{"count":0,"href":"https:\/\/www.holiday-tuscany.com\/it\/wp-json\/wp\/v2\/pages\/669\/revisions"}],"wp:attachment":[{"href":"https:\/\/www.holiday-tuscany.com\/it\/wp-json\/wp\/v2\/media?parent=669"}],"curies":[{"name":"wp","href":"https:\/\/api.w.org\/{rel}","templated":true}]}}